{"id":34,"date":"2017-08-31T19:46:27","date_gmt":"2017-08-31T19:46:27","guid":{"rendered":"http:\/\/nexa.org.br\/rs\/?page_id=34"},"modified":"2017-08-31T19:46:27","modified_gmt":"2017-08-31T19:46:27","slug":"eventos","status":"publish","type":"page","link":"https:\/\/nexa.org.br\/ms\/eventos\/","title":{"rendered":"Eventos"},"content":{"rendered":"<section class=\"l-section wpb_row height_auto width_full color_alternate\"><div class=\"l-section-h i-cf\"><div class=\"g-cols type_default valign_top\"><div class=\"vc_col-sm-12 wpb_column vc_column_container\"><div class=\"vc_column-inner\"><div class=\"wpb_wrapper\">\t<div class=\"w-portfolio type_grid style_16 cols_3 align_left ratio_3x2\">\t<div class=\"w-portfolio-list\"data-preloader_type=\"1\"><div class=\"w-portfolio-item size_1x1\" data-id=\"244\" data-categories=\"\">\r\n\t<a class=\"w-portfolio-item-anchor\" href=\"https:\/\/nexa.org.br\/ms\/portfolio\/desafio-nexa-2017\/\" style=\"background-color: #ef9200;color: #f7f7f7;\">\r\n\t\t\t\t<div class=\"w-portfolio-item-image\" style=\"background-image: url(https:\/\/nexa.org.br\/ms\/wp-content\/uploads\/2017\/12\/perfil-600x600.png)\">\r\n\t\t\t<img loading=\"lazy\" decoding=\"async\" src=\"https:\/\/nexa.org.br\/ms\/wp-content\/uploads\/2017\/12\/perfil-600x600.png\" width=\"600\" height=\"600\" alt=\"Desafio Nexa 2019\" \/>\t\t<\/div>\r\n\t\t\t\t\t\t\t<div class=\"w-portfolio-item-meta\">\r\n\t\t\t\t<div class=\"w-portfolio-item-meta-h\">\r\n\t\t\t\t\t<h2 class=\"w-portfolio-item-title\" style=\"font-size:30px\">Desafio Nexa 2019<\/h2><span class=\"w-portfolio-item-text\">Feira de Miniempresas.<\/span>\t\t\t\t\t<span class=\"w-portfolio-item-arrow\"><\/span>\r\n\t\t\t\t<\/div>\r\n\t\t\t<\/div>\r\n\t\t\t\t\t<\/a>\r\n<\/div>\r\n<div class=\"w-portfolio-item size_1x1\" data-id=\"47\" data-categories=\"\">\r\n\t<a class=\"w-portfolio-item-anchor\" href=\"https:\/\/nexa.org.br\/ms\/portfolio\/nexamovie\/\" style=\"background-color: #ededed;color: #000000;\">\r\n\t\t\t\t<div class=\"w-portfolio-item-image\" style=\"background-image: url(https:\/\/nexa.org.br\/ms\/wp-content\/uploads\/2017\/08\/Be-Capi-5-600x600.png)\">\r\n\t\t\t<img loading=\"lazy\" decoding=\"async\" src=\"https:\/\/nexa.org.br\/ms\/wp-content\/uploads\/2017\/08\/Be-Capi-5-600x600.png\" width=\"600\" height=\"600\" alt=\"Be Capi 2019\" \/>\t\t<\/div>\r\n\t\t<div class=\"w-portfolio-item-image second\" style=\"background-image: url(https:\/\/nexa.org.br\/ms\/wp-content\/uploads\/2017\/08\/Be-Capi-5-600x600.png)\"><img loading=\"lazy\" decoding=\"async\" src=\"https:\/\/nexa.org.br\/ms\/wp-content\/uploads\/2017\/08\/Be-Capi-5-600x600.png\" width=\"600\" height=\"600\" alt=\"Be Capi 2019\" \/><\/div>\t\t\t\t\t<div class=\"w-portfolio-item-meta\">\r\n\t\t\t\t<div class=\"w-portfolio-item-meta-h\">\r\n\t\t\t\t\t<h2 class=\"w-portfolio-item-title\" style=\"font-size:30px\">Be Capi 2019<\/h2><span class=\"w-portfolio-item-text\">Recep\u00e7\u00e3o de novos associados.<\/span>\t\t\t\t\t<span class=\"w-portfolio-item-arrow\"><\/span>\r\n\t\t\t\t<\/div>\r\n\t\t\t<\/div>\r\n\t\t\t\t\t<\/a>\r\n<\/div>\r\n<\/div><\/div><\/div><\/div><\/div><\/div><\/div><\/section>\n","protected":false},"excerpt":{"rendered":"Evento de recep\u00e7\u00e3o de novos associados e integra\u00e7\u00e3o dos mesmos com os associados antigos. Quando?28 de setembro de 2019Onde?Living LabDura\u00e7\u00e3o?Das 09:00h \u00e0s 17:00h.M\u00e3e e Tio da JhenefferPatrocinadora\/...","protected":false},"author":1,"featured_media":0,"parent":0,"menu_order":0,"comment_status":"closed","ping_status":"closed","template":"","meta":{"footnotes":""},"class_list":["post-34","page","type-page","status-publish","hentry"],"_links":{"self":[{"href":"https:\/\/nexa.org.br\/ms\/wp-json\/wp\/v2\/pages\/34","targetHints":{"allow":["GET"]}}],"collection":[{"href":"https:\/\/nexa.org.br\/ms\/wp-json\/wp\/v2\/pages"}],"about":[{"href":"https:\/\/nexa.org.br\/ms\/wp-json\/wp\/v2\/types\/page"}],"author":[{"embeddable":true,"href":"https:\/\/nexa.org.br\/ms\/wp-json\/wp\/v2\/users\/1"}],"replies":[{"embeddable":true,"href":"https:\/\/nexa.org.br\/ms\/wp-json\/wp\/v2\/comments?post=34"}],"version-history":[{"count":0,"href":"https:\/\/nexa.org.br\/ms\/wp-json\/wp\/v2\/pages\/34\/revisions"}],"wp:attachment":[{"href":"https:\/\/nexa.org.br\/ms\/wp-json\/wp\/v2\/media?parent=34"}],"curies":[{"name":"wp","href":"https:\/\/api.w.org\/{rel}","templated":true}]}}