{"id":17,"date":"2017-08-31T19:35:27","date_gmt":"2017-08-31T19:35:27","guid":{"rendered":"http:\/\/nexa.org.br\/rs\/?page_id=17"},"modified":"2019-09-19T05:33:07","modified_gmt":"2019-09-19T05:33:07","slug":"sobre","status":"publish","type":"page","link":"https:\/\/nexa.org.br\/ms\/sobre\/","title":{"rendered":"Sobre n\u00f3s"},"content":{"rendered":"<section class=\"l-section wpb_row height_large\"><div class=\"l-section-h i-cf\"><div class=\"g-cols type_default valign_top vc_column-gap-20\"><div class=\"vc_col-sm-6 wpb_column vc_column_container\"><div class=\"vc_column-inner\"><div class=\"wpb_wrapper\">\r\n\t<div class=\"wpb_text_column \">\r\n\t\t<div class=\"wpb_wrapper\">\r\n\t\t\t<h3><strong>SOBRE<\/strong>\u00a0N\u00d3S<\/h3>\n<p>Nexa &#8211; N\u00facleo de Ex-Achievers &#8211; \u00e9 formado por jovens que participaram de um dos programas do Ensino M\u00e9dio da Junior Achievement, e decidiram continuar em contato com o empreendedorismo, atrav\u00e9s da Junior Achievement.<\/p>\n<p>O N\u00facleo possibilita o crescimento pessoal e oportuniza ao jovem novas experi\u00eancias, informa\u00e7\u00f5es e contatos que podem servir como base para sua futura vida profissional.<br \/>\nTodas as a\u00e7\u00f5es do N\u00facleo s\u00e3o voltadas para o desenvolvimento cont\u00ednuo de seus associados.<\/p>\n\r\n\t\t<\/div>\r\n\t<\/div>\r\n<\/div><\/div><\/div><div class=\"vc_col-sm-6 wpb_column vc_column_container\"><div class=\"vc_column-inner\"><div class=\"wpb_wrapper\"><div class=\"w-iconbox iconpos_left style_outlined color_primary no_text\"><div class=\"w-iconbox-icon\"><i class=\"fa fa-thumb-tack\"><\/i><\/div><div class=\"w-iconbox-meta\"><h4 class=\"w-iconbox-title\">Rua Brasil, 205 - Centro, Campo Grande<\/h4><\/div><\/div><div class=\"w-separator type_invisible size_medium thick_1 style_solid color_border cont_none\"><span class=\"w-separator-h\"><\/span><\/div><div class=\"w-iconbox iconpos_left style_outlined color_primary no_text\"><div class=\"w-iconbox-icon\"><i class=\"fa fa-phone\"><\/i><\/div><div class=\"w-iconbox-meta\"><h4 class=\"w-iconbox-title\">(67) 3389-5474<\/h4><\/div><\/div><div class=\"w-separator type_invisible size_medium thick_1 style_solid color_border cont_none\"><span class=\"w-separator-h\"><\/span><\/div><div class=\"w-iconbox iconpos_left style_outlined color_primary no_text\"><div class=\"w-iconbox-icon\"><i class=\"fa fa-envelope-o\"><\/i><\/div><div class=\"w-iconbox-meta\"><h4 class=\"w-iconbox-title\">nexa.jams@jams.org.br<\/h4><\/div><\/div><\/div><\/div><\/div><div class=\"vc_col-sm-12 wpb_column vc_column_container\"><div class=\"vc_column-inner\"><div class=\"wpb_wrapper\"><div class=\"w-separator type_invisible size_small thick_1 style_solid color_border cont_none\"><span class=\"w-separator-h\"><\/span><\/div><div class=\"w-btn-wrapper align_center\"><a class=\"w-btn style_solid color_primary icon_none\" href=\"https:\/\/drive.google.com\/a\/nexa.org.br\/file\/d\/0B6uEpJz0LBK3RW9zMlZlWWFvQU0\/view?usp=sharing\" target=\"_blank\"><span class=\"w-btn-label\">Estatuto do Nexa Nacional<\/span><\/a><\/div><div class=\"w-btn-wrapper align_center\"><a class=\"w-btn style_solid color_primary icon_none\" href=\"http:\/\/nexa.org.br\" target=\"_blank\"><span class=\"w-btn-label\">Nexa Brasil<\/span><\/a><\/div><\/div><\/div><\/div><\/div><\/div><\/section><section class=\"l-section wpb_row height_medium with_overlay\"><div class=\"l-section-overlay\" style=\"background-color: #8c8c8c\"><\/div><div class=\"l-section-h i-cf\"><div class=\"g-cols type_default valign_top\"><div class=\"vc_col-sm-12 wpb_column vc_column_container\"><div class=\"vc_column-inner color_custom\" style=\"color:#ffffff;\"><div class=\"wpb_wrapper\">\r\n\t<div class=\"wpb_text_column \">\r\n\t\t<div class=\"wpb_wrapper\">\r\n\t\t\t<h4 style=\"text-align: center;\">ORGANIZA\u00c7\u00c3O DO N\u00daCELO<\/h4>\n\r\n\t\t<\/div>\r\n\t<\/div>\r\n<div class=\"w-separator type_invisible size_small thick_1 style_solid color_border cont_none\"><span class=\"w-separator-h\"><\/span><\/div><\/div><\/div><\/div><\/div><\/div><\/section><section class=\"l-section wpb_row height_medium color_primary with_overlay\"><div class=\"l-section-overlay\" style=\"background-color: #8c8c8c\"><\/div><div class=\"l-section-h i-cf\"><div class=\"g-cols type_default valign_top\"><div class=\"vc_col-sm-4 wpb_column vc_column_container\"><div class=\"vc_column-inner color_custom\" style=\"color:#ffffff;\"><div class=\"wpb_wrapper\"><div class=\"w-person layout_circle with_socials\" itemscope=\"itemscope\" itemtype=\"https:\/\/schema.org\/Person\"><div class=\"w-person-image\"><img loading=\"lazy\" decoding=\"async\" src=\"https:\/\/nexa.org.br\/ms\/wp-content\/uploads\/2019\/02\/jhene-350x350.jpg\" width=\"350\" height=\"350\" alt=\"Jheneffer Vilela\" itemprop=\"image\"><div class=\"w-person-links\"><div class=\"w-person-links-list\"><a class=\"w-person-links-item\" href=\"mailto:nexa.jams@nexa.org.br\"><i class=\"fa fa-envelope\"><\/i><\/a><a class=\"w-person-links-item\" href=\"https:\/\/www.facebook.com\/jhenifferketlyn.vilela\" target=\"_blank\"><i class=\"fa fa-facebook\"><\/i><\/a><\/div><\/div><\/div><div class=\"w-person-content\"><h4 class=\"w-person-name\" itemprop=\"name\"><span>Jheneffer Vilela<\/span><\/h4><div class=\"w-person-role\" itemprop=\"jobTitle\">Gerente Geral<\/div><\/div><\/div><\/div><\/div><\/div><div class=\"vc_col-sm-4 wpb_column vc_column_container\"><div class=\"vc_column-inner\"><div class=\"wpb_wrapper\"><div class=\"w-person layout_circle with_socials\" itemscope=\"itemscope\" itemtype=\"https:\/\/schema.org\/Person\"><div class=\"w-person-image\"><img loading=\"lazy\" decoding=\"async\" src=\"https:\/\/nexa.org.br\/ms\/wp-content\/uploads\/2019\/09\/WhatsApp-Image-2019-09-19-at-01.06.45-350x350.jpeg\" width=\"350\" height=\"350\" alt=\"Jailson J\u00fanior\" itemprop=\"image\"><div class=\"w-person-links\"><div class=\"w-person-links-list\"><a class=\"w-person-links-item\" href=\"mailto:nexams.financeiro@gmail.com \"><i class=\"fa fa-envelope\"><\/i><\/a><a class=\"w-person-links-item\" href=\"https:\/\/www.facebook.com\/profile.php?id=100003999532401\" target=\"_blank\"><i class=\"fa fa-facebook\"><\/i><\/a><\/div><\/div><\/div><div class=\"w-person-content\"><h4 class=\"w-person-name\" itemprop=\"name\"><span>Jailson J\u00fanior<\/span><\/h4><div class=\"w-person-role\" itemprop=\"jobTitle\">Financeiro<\/div><\/div><\/div><\/div><\/div><\/div><div class=\"vc_col-sm-4 wpb_column vc_column_container\"><div class=\"vc_column-inner\"><div class=\"wpb_wrapper\"><div class=\"w-person layout_circle with_socials\" itemscope=\"itemscope\" itemtype=\"https:\/\/schema.org\/Person\"><div class=\"w-person-image\"><img loading=\"lazy\" decoding=\"async\" src=\"https:\/\/nexa.org.br\/ms\/wp-content\/uploads\/2019\/02\/erlon-350x350.jpg\" width=\"350\" height=\"350\" alt=\"Erlon Galindo\" itemprop=\"image\"><div class=\"w-person-links\"><div class=\"w-person-links-list\"><a class=\"w-person-links-item\" href=\"mailto:nexams.eventos@gmail.com \"><i class=\"fa fa-envelope\"><\/i><\/a><a class=\"w-person-links-item\" href=\"https:\/\/www.facebook.com\/erlon.galindo\" target=\"_blank\"><i class=\"fa fa-facebook\"><\/i><\/a><\/div><\/div><\/div><div class=\"w-person-content\"><h4 class=\"w-person-name\" itemprop=\"name\"><span>Erlon Galindo<\/span><\/h4><div class=\"w-person-role\" itemprop=\"jobTitle\">Eventos<\/div><\/div><\/div><\/div><\/div><\/div><\/div><\/div><\/section><section class=\"l-section wpb_row height_auto color_primary with_overlay\" style=\"padding-bottom: 40px !important;\"><div class=\"l-section-overlay\" style=\"background-color: #8c8c8c\"><\/div><div class=\"l-section-h i-cf\"><div class=\"g-cols type_default valign_top\"><div class=\"vc_col-sm-6 vc_hidden-md vc_hidden-sm vc_hidden-xs wpb_column vc_column_container\"><div class=\"vc_column-inner color_custom\" style=\"color:#ffffff;\"><div class=\"wpb_wrapper\"><div class=\"w-person layout_circle with_socials\" itemscope=\"itemscope\" itemtype=\"https:\/\/schema.org\/Person\"><div class=\"w-person-image\"><img loading=\"lazy\" decoding=\"async\" src=\"https:\/\/nexa.org.br\/ms\/wp-content\/uploads\/2019\/02\/leo-350x350.jpg\" width=\"350\" height=\"350\" alt=\"Leo Delmondes\" itemprop=\"image\"><div class=\"w-person-links\"><div class=\"w-person-links-list\"><a class=\"w-person-links-item\" href=\"mailto:nexams.relacionamentos@gmail.com\"><i class=\"fa fa-envelope\"><\/i><\/a><a class=\"w-person-links-item\" href=\"https:\/\/www.facebook.com\/leonardo.delmondes.56\" target=\"_blank\"><i class=\"fa fa-facebook\"><\/i><\/a><\/div><\/div><\/div><div class=\"w-person-content\"><h4 class=\"w-person-name\" itemprop=\"name\"><span>Leo Delmondes<\/span><\/h4><div class=\"w-person-role\" itemprop=\"jobTitle\">Relacionamentos<\/div><\/div><\/div><\/div><\/div><\/div><div class=\"vc_col-sm-6 vc_hidden-md vc_hidden-sm vc_hidden-xs wpb_column vc_column_container\"><div class=\"vc_column-inner color_custom\" style=\"color:#ffffff;\"><div class=\"wpb_wrapper\"><div class=\"w-person layout_circle with_socials\" itemscope=\"itemscope\" itemtype=\"https:\/\/schema.org\/Person\"><div class=\"w-person-image\"><img loading=\"lazy\" decoding=\"async\" src=\"https:\/\/nexa.org.br\/ms\/wp-content\/uploads\/2019\/02\/fer-350x350.jpg\" width=\"350\" height=\"350\" alt=\"Fernanda Serejo\" itemprop=\"image\"><div class=\"w-person-links\"><div class=\"w-person-links-list\"><a class=\"w-person-links-item\" href=\"mailto:nexams.relacionamentos@gmail.com\"><i class=\"fa fa-envelope\"><\/i><\/a><a class=\"w-person-links-item\" href=\"https:\/\/www.facebook.com\/fernanda.serejo.5\" target=\"_blank\"><i class=\"fa fa-facebook\"><\/i><\/a><\/div><\/div><\/div><div class=\"w-person-content\"><h4 class=\"w-person-name\" itemprop=\"name\"><span>Fernanda Serejo<\/span><\/h4><div class=\"w-person-role\" itemprop=\"jobTitle\">Relacionamentos<\/div><\/div><\/div><\/div><\/div><\/div><\/div><\/div><\/section>\n","protected":false},"excerpt":{"rendered":"SOBRE\u00a0N\u00d3S Nexa - N\u00facleo de Ex-Achievers - \u00e9 formado por jovens que participaram de um dos programas do Ensino M\u00e9dio da Junior Achievement, e decidiram continuar em...","protected":false},"author":1,"featured_media":0,"parent":0,"menu_order":0,"comment_status":"closed","ping_status":"closed","template":"","meta":{"footnotes":""},"class_list":["post-17","page","type-page","status-publish","hentry"],"_links":{"self":[{"href":"https:\/\/nexa.org.br\/ms\/wp-json\/wp\/v2\/pages\/17","targetHints":{"allow":["GET"]}}],"collection":[{"href":"https:\/\/nexa.org.br\/ms\/wp-json\/wp\/v2\/pages"}],"about":[{"href":"https:\/\/nexa.org.br\/ms\/wp-json\/wp\/v2\/types\/page"}],"author":[{"embeddable":true,"href":"https:\/\/nexa.org.br\/ms\/wp-json\/wp\/v2\/users\/1"}],"replies":[{"embeddable":true,"href":"https:\/\/nexa.org.br\/ms\/wp-json\/wp\/v2\/comments?post=17"}],"version-history":[{"count":4,"href":"https:\/\/nexa.org.br\/ms\/wp-json\/wp\/v2\/pages\/17\/revisions"}],"predecessor-version":[{"id":385,"href":"https:\/\/nexa.org.br\/ms\/wp-json\/wp\/v2\/pages\/17\/revisions\/385"}],"wp:attachment":[{"href":"https:\/\/nexa.org.br\/ms\/wp-json\/wp\/v2\/media?parent=17"}],"curies":[{"name":"wp","href":"https:\/\/api.w.org\/{rel}","templated":true}]}}